{"id":105,"date":"2019-03-29T14:15:08","date_gmt":"2019-03-29T14:15:08","guid":{"rendered":"http:\/\/wp.fewo-keller-reichenau.de\/?page_id=105"},"modified":"2023-03-01T13:34:44","modified_gmt":"2023-03-01T13:34:44","slug":"wohnung-2","status":"publish","type":"page","link":"http:\/\/fewo-keller-reichenau.de\/?page_id=105","title":{"rendered":"Wohnung 2"},"content":{"rendered":"\t\t<div data-elementor-type=\"wp-post\" data-elementor-id=\"105\" class=\"elementor elementor-105\">\n\t\t\t\t\t\t<section class=\"elementor-section elementor-top-section elementor-element elementor-element-728fbd4 elementor-section-boxed elementor-section-height-default elementor-section-height-default\" data-id=\"728fbd4\" data-element_type=\"section\" data-e-type=\"section\">\n\t\t\t\t\t\t<div class=\"elementor-container elementor-column-gap-default\">\n\t\t\t\t\t<div class=\"elementor-column elementor-col-100 elementor-top-column elementor-element elementor-element-08ccc7e\" data-id=\"08ccc7e\" data-element_type=\"column\" data-e-type=\"column\">\n\t\t\t<div class=\"elementor-widget-wrap elementor-element-populated\">\n\t\t\t\t\t\t<div class=\"elementor-element elementor-element-f77679d elementor-widget elementor-widget-image\" data-id=\"f77679d\" data-element_type=\"widget\" data-e-type=\"widget\" data-widget_type=\"image.default\">\n\t\t\t\t<div class=\"elementor-widget-container\">\n\t\t\t\t\t\t\t\t\t\t\t\t\t\t\t<img fetchpriority=\"high\" decoding=\"async\" width=\"960\" height=\"250\" src=\"https:\/\/fewo-keller-reichenau.de\/wp-content\/uploads\/2019\/03\/cropped-keller-logo.jpg\" class=\"attachment-large size-large wp-image-155\" alt=\"\" \/>\t\t\t\t\t\t\t\t\t\t\t\t\t\t\t<\/div>\n\t\t\t\t<\/div>\n\t\t\t\t\t<\/div>\n\t\t<\/div>\n\t\t\t\t\t<\/div>\n\t\t<\/section>\n\t\t\t\t<section class=\"elementor-section elementor-top-section elementor-element elementor-element-c4060ca elementor-section-boxed elementor-section-height-default elementor-section-height-default\" data-id=\"c4060ca\" data-element_type=\"section\" data-e-type=\"section\" data-settings=\"{&quot;background_background&quot;:&quot;classic&quot;}\">\n\t\t\t\t\t\t<div class=\"elementor-container elementor-column-gap-default\">\n\t\t\t\t\t<div class=\"elementor-column elementor-col-100 elementor-top-column elementor-element elementor-element-6adf8f8\" data-id=\"6adf8f8\" data-element_type=\"column\" data-e-type=\"column\">\n\t\t\t<div class=\"elementor-widget-wrap\">\n\t\t\t\t\t\t\t<\/div>\n\t\t<\/div>\n\t\t\t\t\t<\/div>\n\t\t<\/section>\n\t\t\t\t<section class=\"elementor-section elementor-top-section elementor-element elementor-element-b804251 elementor-section-height-min-height elementor-section-boxed elementor-section-height-default elementor-section-items-middle\" data-id=\"b804251\" data-element_type=\"section\" data-e-type=\"section\">\n\t\t\t\t\t\t<div class=\"elementor-container elementor-column-gap-default\">\n\t\t\t\t\t<div class=\"elementor-column elementor-col-100 elementor-top-column elementor-element elementor-element-44006a0\" data-id=\"44006a0\" data-element_type=\"column\" data-e-type=\"column\">\n\t\t\t<div class=\"elementor-widget-wrap elementor-element-populated\">\n\t\t\t\t\t\t<div class=\"elementor-element elementor-element-155693a elementor-widget elementor-widget-heading\" data-id=\"155693a\" data-element_type=\"widget\" data-e-type=\"widget\" data-widget_type=\"heading.default\">\n\t\t\t\t<div class=\"elementor-widget-container\">\n\t\t\t\t\t<h5 class=\"elementor-heading-title elementor-size-default\">Ferienwohnung 2<\/h5>\t\t\t\t<\/div>\n\t\t\t\t<\/div>\n\t\t\t\t\t<\/div>\n\t\t<\/div>\n\t\t\t\t\t<\/div>\n\t\t<\/section>\n\t\t\t\t<section class=\"elementor-section elementor-top-section elementor-element elementor-element-199f725 elementor-section-boxed elementor-section-height-default elementor-section-height-default\" data-id=\"199f725\" data-element_type=\"section\" data-e-type=\"section\" data-settings=\"{&quot;background_background&quot;:&quot;classic&quot;}\">\n\t\t\t\t\t\t<div class=\"elementor-container elementor-column-gap-default\">\n\t\t\t\t\t<div class=\"elementor-column elementor-col-25 elementor-top-column elementor-element elementor-element-9ace58b\" data-id=\"9ace58b\" data-element_type=\"column\" data-e-type=\"column\" data-settings=\"{&quot;background_background&quot;:&quot;classic&quot;}\">\n\t\t\t<div class=\"elementor-widget-wrap\">\n\t\t\t\t\t\t\t<\/div>\n\t\t<\/div>\n\t\t\t\t<div class=\"elementor-column elementor-col-50 elementor-top-column elementor-element elementor-element-dd48be0\" data-id=\"dd48be0\" data-element_type=\"column\" data-e-type=\"column\">\n\t\t\t<div class=\"elementor-widget-wrap elementor-element-populated\">\n\t\t\t\t\t\t<div class=\"elementor-element elementor-element-c7aac28 elementor-widget elementor-widget-text-editor\" data-id=\"c7aac28\" data-element_type=\"widget\" data-e-type=\"widget\" data-widget_type=\"text-editor.default\">\n\t\t\t\t<div class=\"elementor-widget-container\">\n\t\t\t\t\t\t\t\t\t<p style=\"padding-left: 80px;\"><span style=\"color: #000000;\"><strong>3-Zimmer \u2013 Dachgeschoss &#8211; 85 m\u201c<\/strong><\/span><\/p><p style=\"padding-left: 80px;\"><span style=\"color: #000000;\"><strong>die Ferienwohnung geht \u00fcber 2 Ebenen<br \/>Balkon und Seesicht<br \/>L\u00e4rmschutzfenster mit M\u00fcckenschutz<br \/>2 Schlafr\u00e4ume, Babybett im Zimmer <br \/>Zustellbett \/ Schlafcouch<br \/>Bettw\u00e4sche und Handt\u00fccher vorhanden <br \/>Handtuchtrockner<br \/>WC &#8211; Dusche &#8211; Bad<br \/>Separates WC<br \/>Waschmaschine \u2013 Trockner<br \/>Wohnk\u00fcche, <br \/>Geschirrsp\u00fcler, <br \/>Backofen<br \/>Kaffeemaschine<br \/>Mikrowelle<br \/>Toaster<br \/>Fernseher<br \/>Radio, Satelliten TV<br \/><\/strong><strong>Mindestaufenthalt: 4 N\u00e4chte<\/strong><\/span><br \/><span style=\"color: #000000;\"><strong>M\u00f6gliche Belegung: 1-4 Personen<\/strong><\/span><\/p><p style=\"padding-left: 80px;\"><span style=\"color: #000000;\"><strong>ab 78,00 \u20ac pro Einheit \/ Nacht, zzgl. Kurtaxe<\/strong><\/span><\/p>\t\t\t\t\t\t\t\t<\/div>\n\t\t\t\t<\/div>\n\t\t\t\t\t<\/div>\n\t\t<\/div>\n\t\t\t\t<div class=\"elementor-column elementor-col-25 elementor-top-column elementor-element elementor-element-a92c2cf\" data-id=\"a92c2cf\" data-element_type=\"column\" data-e-type=\"column\">\n\t\t\t<div class=\"elementor-widget-wrap\">\n\t\t\t\t\t\t\t<\/div>\n\t\t<\/div>\n\t\t\t\t\t<\/div>\n\t\t<\/section>\n\t\t\t\t<section class=\"elementor-section elementor-top-section elementor-element elementor-element-7692153 elementor-section-boxed elementor-section-height-default elementor-section-height-default\" data-id=\"7692153\" data-element_type=\"section\" data-e-type=\"section\">\n\t\t\t\t\t\t<div class=\"elementor-container elementor-column-gap-default\">\n\t\t\t\t\t<div class=\"elementor-column elementor-col-100 elementor-top-column elementor-element elementor-element-73a7f26\" data-id=\"73a7f26\" data-element_type=\"column\" data-e-type=\"column\">\n\t\t\t<div class=\"elementor-widget-wrap elementor-element-populated\">\n\t\t\t\t\t\t<div class=\"elementor-element elementor-element-59eed6a elementor-pagination-position-outside elementor-widget elementor-widget-image-carousel\" data-id=\"59eed6a\" data-element_type=\"widget\" data-e-type=\"widget\" data-settings=\"{&quot;slides_to_show&quot;:&quot;4&quot;,&quot;navigation&quot;:&quot;dots&quot;,&quot;autoplay&quot;:&quot;yes&quot;,&quot;pause_on_hover&quot;:&quot;yes&quot;,&quot;pause_on_interaction&quot;:&quot;yes&quot;,&quot;autoplay_speed&quot;:5000,&quot;infinite&quot;:&quot;yes&quot;,&quot;speed&quot;:500}\" data-widget_type=\"image-carousel.default\">\n\t\t\t\t<div class=\"elementor-widget-container\">\n\t\t\t\t\t\t\t<div class=\"elementor-image-carousel-wrapper swiper\" role=\"region\" aria-roledescription=\"carousel\" aria-label=\"Bild Karussell\" dir=\"ltr\">\n\t\t\t<div class=\"elementor-image-carousel swiper-wrapper\" aria-live=\"off\">\n\t\t\t\t\t\t\t\t<div class=\"swiper-slide\" role=\"group\" aria-roledescription=\"slide\" aria-label=\"1 von 9\"><figure class=\"swiper-slide-inner\"><img decoding=\"async\" class=\"swiper-slide-image\" src=\"https:\/\/fewo-keller-reichenau.de\/wp-content\/uploads\/2021\/04\/Ferienwognung_Keller1-280x180.jpg\" alt=\"Ferienwognung_Keller1\" \/><\/figure><\/div><div class=\"swiper-slide\" role=\"group\" aria-roledescription=\"slide\" aria-label=\"2 von 9\"><figure class=\"swiper-slide-inner\"><img decoding=\"async\" class=\"swiper-slide-image\" src=\"https:\/\/fewo-keller-reichenau.de\/wp-content\/uploads\/2021\/03\/Ferienwognung_Keller2-280x180.jpg\" alt=\"Ferienwognung_Keller2\" \/><\/figure><\/div><div class=\"swiper-slide\" role=\"group\" aria-roledescription=\"slide\" aria-label=\"3 von 9\"><figure class=\"swiper-slide-inner\"><img decoding=\"async\" class=\"swiper-slide-image\" src=\"https:\/\/fewo-keller-reichenau.de\/wp-content\/uploads\/2021\/03\/Ferienwognung_Keller4-280x180.jpg\" alt=\"Ferienwognung_Keller4\" \/><\/figure><\/div><div class=\"swiper-slide\" role=\"group\" aria-roledescription=\"slide\" aria-label=\"4 von 9\"><figure class=\"swiper-slide-inner\"><img decoding=\"async\" class=\"swiper-slide-image\" src=\"https:\/\/fewo-keller-reichenau.de\/wp-content\/uploads\/2021\/03\/Ferienwognung_Keller3-280x180.jpg\" alt=\"Ferienwognung_Keller3\" \/><\/figure><\/div><div class=\"swiper-slide\" role=\"group\" aria-roledescription=\"slide\" aria-label=\"5 von 9\"><figure class=\"swiper-slide-inner\"><img decoding=\"async\" class=\"swiper-slide-image\" src=\"https:\/\/fewo-keller-reichenau.de\/wp-content\/uploads\/2021\/03\/Ferienwognung_Keller5-280x180.jpg\" alt=\"Ferienwognung_Keller5\" \/><\/figure><\/div><div class=\"swiper-slide\" role=\"group\" aria-roledescription=\"slide\" aria-label=\"6 von 9\"><figure class=\"swiper-slide-inner\"><img decoding=\"async\" class=\"swiper-slide-image\" src=\"https:\/\/fewo-keller-reichenau.de\/wp-content\/uploads\/2021\/03\/Ferienwognung_Keller6-280x180.jpg\" alt=\"Ferienwognung_Keller6\" \/><\/figure><\/div><div class=\"swiper-slide\" role=\"group\" aria-roledescription=\"slide\" aria-label=\"7 von 9\"><figure class=\"swiper-slide-inner\"><img decoding=\"async\" class=\"swiper-slide-image\" src=\"https:\/\/fewo-keller-reichenau.de\/wp-content\/uploads\/2021\/03\/Ferienwognung_Keller9-280x180.jpg\" alt=\"DCIM100MEDIADJI_0296.JPG\" \/><\/figure><\/div><div class=\"swiper-slide\" role=\"group\" aria-roledescription=\"slide\" aria-label=\"8 von 9\"><figure class=\"swiper-slide-inner\"><img decoding=\"async\" class=\"swiper-slide-image\" src=\"https:\/\/fewo-keller-reichenau.de\/wp-content\/uploads\/2021\/03\/Ferienwognung_Keller12-280x180.jpg\" alt=\"DCIM100MEDIADJI_0310.JPG\" \/><\/figure><\/div><div class=\"swiper-slide\" role=\"group\" aria-roledescription=\"slide\" aria-label=\"9 von 9\"><figure class=\"swiper-slide-inner\"><img decoding=\"async\" class=\"swiper-slide-image\" src=\"https:\/\/fewo-keller-reichenau.de\/wp-content\/uploads\/2021\/03\/Ferienwognung_Keller11-280x180.jpg\" alt=\"Ferienwognung_Keller11\" \/><\/figure><\/div>\t\t\t<\/div>\n\t\t\t\t\t\t\t\n\t\t\t\t\t\t\t\t\t<div class=\"swiper-pagination\"><\/div>\n\t\t\t\t\t\t\t\t\t<\/div>\n\t\t\t\t\t\t<\/div>\n\t\t\t\t<\/div>\n\t\t\t\t\t<\/div>\n\t\t<\/div>\n\t\t\t\t\t<\/div>\n\t\t<\/section>\n\t\t\t\t<\/div>\n\t\t","protected":false},"excerpt":{"rendered":"<p>Ferienwohnung 2 3-Zimmer \u2013 Dachgeschoss &#8211; 85 m\u201c die Ferienwohnung geht \u00fcber 2 EbenenBalkon und SeesichtL\u00e4rmschutzfenster mit M\u00fcckenschutz2 Schlafr\u00e4ume, Babybett im Zimmer Zustellbett \/ SchlafcouchBettw\u00e4sche und Handt\u00fccher vorhanden HandtuchtrocknerWC &#8211; Dusche &#8211; BadSeparates WCWaschmaschine \u2013 TrocknerWohnk\u00fcche, Geschirrsp\u00fcler, BackofenKaffeemaschineMikrowelleToasterFernseherRadio, Satelliten TVMindestaufenthalt: 4 N\u00e4chteM\u00f6gliche Belegung: 1-4 Personen ab 78,00 \u20ac pro Einheit \/ Nacht, zzgl. Kurtaxe<\/p>\n","protected":false},"author":1,"featured_media":0,"parent":0,"menu_order":0,"comment_status":"closed","ping_status":"closed","template":"","meta":{"footnotes":""},"class_list":["post-105","page","type-page","status-publish","hentry"],"_links":{"self":[{"href":"http:\/\/fewo-keller-reichenau.de\/index.php?rest_route=\/wp\/v2\/pages\/105","targetHints":{"allow":["GET"]}}],"collection":[{"href":"http:\/\/fewo-keller-reichenau.de\/index.php?rest_route=\/wp\/v2\/pages"}],"about":[{"href":"http:\/\/fewo-keller-reichenau.de\/index.php?rest_route=\/wp\/v2\/types\/page"}],"author":[{"embeddable":true,"href":"http:\/\/fewo-keller-reichenau.de\/index.php?rest_route=\/wp\/v2\/users\/1"}],"replies":[{"embeddable":true,"href":"http:\/\/fewo-keller-reichenau.de\/index.php?rest_route=%2Fwp%2Fv2%2Fcomments&post=105"}],"version-history":[{"count":87,"href":"http:\/\/fewo-keller-reichenau.de\/index.php?rest_route=\/wp\/v2\/pages\/105\/revisions"}],"predecessor-version":[{"id":654,"href":"http:\/\/fewo-keller-reichenau.de\/index.php?rest_route=\/wp\/v2\/pages\/105\/revisions\/654"}],"wp:attachment":[{"href":"http:\/\/fewo-keller-reichenau.de\/index.php?rest_route=%2Fwp%2Fv2%2Fmedia&parent=105"}],"curies":[{"name":"wp","href":"https:\/\/api.w.org\/{rel}","templated":true}]}}